{"id":1321,"date":"2024-10-25T16:57:46","date_gmt":"2024-10-25T21:57:46","guid":{"rendered":"https:\/\/egacal.edu.pe\/?page_id=1321"},"modified":"2024-10-27T22:59:12","modified_gmt":"2024-10-28T03:59:12","slug":"seminarios-gratuitos","status":"publish","type":"page","link":"https:\/\/egacal.edu.pe\/index.php\/seminarios-gratuitos\/","title":{"rendered":"SEMINARIOS JUR\u00cdDICOS GRATUITOS"},"content":{"rendered":"\n<figure class=\"wp-block-image size-large\"><img loading=\"lazy\" decoding=\"async\" width=\"1024\" height=\"403\" src=\"https:\/\/egacal.edu.pe\/wp-content\/uploads\/2024\/10\/Encabezado-Seminarios-gratuitos-para-web-1024x403.png\" alt=\"\" class=\"wp-image-13186\" srcset=\"https:\/\/egacal.edu.pe\/wp-content\/uploads\/2024\/10\/Encabezado-Seminarios-gratuitos-para-web-1024x403.png 1024w, https:\/\/egacal.edu.pe\/wp-content\/uploads\/2024\/10\/Encabezado-Seminarios-gratuitos-para-web-300x118.png 300w, https:\/\/egacal.edu.pe\/wp-content\/uploads\/2024\/10\/Encabezado-Seminarios-gratuitos-para-web-768x302.png 768w, https:\/\/egacal.edu.pe\/wp-content\/uploads\/2024\/10\/Encabezado-Seminarios-gratuitos-para-web-1536x605.png 1536w, https:\/\/egacal.edu.pe\/wp-content\/uploads\/2024\/10\/Encabezado-Seminarios-gratuitos-para-web-2048x806.png 2048w, https:\/\/egacal.edu.pe\/wp-content\/uploads\/2024\/10\/Encabezado-Seminarios-gratuitos-para-web-440x173.png 440w, https:\/\/egacal.edu.pe\/wp-content\/uploads\/2024\/10\/Encabezado-Seminarios-gratuitos-para-web-770x303.png 770w\" sizes=\"auto, (max-width: 1024px) 100vw, 1024px\" \/><\/figure>\n\n\n\n<ol class=\"wp-block-list\">\n<li><strong><a href=\"https:\/\/fb.watch\/vrDd8MchI-\/\">\u00daltimas modificaciones en Proceso de Inconstitucionalidad y Proceso Competencial<\/a><\/strong><\/li>\n\n\n\n<li><strong><a href=\"https:\/\/fb.watch\/vrDgzz_887\/\">Principales modificaciones a la investigaci\u00f3n preparatoria con la Ley 32130<\/a><\/strong> <\/li>\n\n\n\n<li><strong><a href=\"https:\/\/fb.watch\/vrDnlVDxiM\/\">L\u00edmites a la potestad sancionadora de las entidades p\u00fablicas: Caso:&nbsp;Inconstitucionalidad del DL 1272 (Modificatoria a la LPAG)<\/a><\/strong> <\/li>\n\n\n\n<li><a href=\"https:\/\/fb.watch\/vrDsDPs8in\/\"><strong>Simulaci\u00f3n de Acto Jur\u00eddico<\/strong><\/a> <\/li>\n\n\n\n<li><strong><a href=\"https:\/\/fb.watch\/vrDxVDAY6L\/\">Restricciones y prohibiciones impuestas por los gobiernos locales: Caso Zonas r\u00edgidas para el comercio ambulatorio<\/a><\/strong> <\/li>\n\n\n\n<li><strong><a href=\"http:\/\/Control de Constitucionalidad de las Leyes\">Control de Constitucionalidad de las Leyes<\/a><\/strong><a href=\"http:\/\/Control de Constitucionalidad de las Leyes\"> <\/a><\/li>\n\n\n\n<li><a href=\"https:\/\/fb.watch\/vrDJVnqPYO\/\" data-type=\"link\" data-id=\"https:\/\/fb.watch\/vrDJVnqPYO\/\"><strong>L\u00ednea Jurisprudencial de la Corte IDH sobre restricci\u00f3n de&nbsp;derechos<\/strong><\/a><\/li>\n\n\n\n<li><a href=\"https:\/\/fb.watch\/vrDPn97pa5\/\" data-type=\"link\" data-id=\"https:\/\/fb.watch\/vrDPn97pa5\/\"><strong>Conflicto de Competencias Poder Ejecutivo vs. Poder Judicial: Caso Casinos y M\u00e1quinas Tragamonedas<\/strong><\/a><\/li>\n\n\n\n<li><strong><a href=\"https:\/\/fb.watch\/vrDXnRCd9l\/\" data-type=\"link\" data-id=\"https:\/\/fb.watch\/vrDXnRCd9l\/\">El Caso Yangali Iparraguirre vs. Per\u00fa: An\u00e1lisis de la Sentencia de la Corte&nbsp;IDH<\/a><\/strong><\/li>\n\n\n\n<li><strong><a href=\"https:\/\/fb.watch\/vrEcydFQOD\/\" data-type=\"link\" data-id=\"https:\/\/fb.watch\/vrEcydFQOD\/\">El Control de Convencionalidad en el tiempo<\/a><\/strong><\/li>\n\n\n\n<li><strong><a href=\"https:\/\/fb.watch\/vrEiWyWzfZ\/\" data-type=\"link\" data-id=\"https:\/\/fb.watch\/vrEiWyWzfZ\/\">La eficacia de los Procesos Constitucionales de tutela de derechos<\/a><\/strong><\/li>\n\n\n\n<li><strong><a href=\"https:\/\/fb.watch\/vrEnVksAVd\/\" data-type=\"link\" data-id=\"https:\/\/fb.watch\/vrEnVksAVd\/\">An\u00e1lisis de la sentencia: el caso Olivera Fuentes vs. Per\u00fa<\/a><\/strong><\/li>\n\n\n\n<li><a href=\"https:\/\/fb.watch\/vrEqk8SJbG\/\" data-type=\"link\" data-id=\"https:\/\/fb.watch\/vrEqk8SJbG\/\"><strong>Pautas para el Control Judicial del Sobreseimiento<\/strong><\/a><\/li>\n\n\n\n<li><strong><a href=\"https:\/\/fb.watch\/vrEtG8iAsR\/\" data-type=\"link\" data-id=\"https:\/\/fb.watch\/vrEtG8iAsR\/\">La sentencia estructural del Tribunal Constitucional<\/a><\/strong><\/li>\n\n\n\n<li><strong><a href=\"https:\/\/fb.watch\/vrExOqCBHX\/\" data-type=\"link\" data-id=\"https:\/\/fb.watch\/vrExOqCBHX\/\">Casaci\u00f3n en Materia Civil: el Retracto<\/a><\/strong><\/li>\n\n\n\n<li><strong><a href=\"https:\/\/fb.watch\/vrEDudC7Hd\/\" data-type=\"link\" data-id=\"https:\/\/fb.watch\/vrEDudC7Hd\/\">An\u00e1lisis de Sentencia de la Corte IDH: Caso La Oroya vs. Per\u00fa<\/a><\/strong><\/li>\n\n\n\n<li><strong><a href=\"https:\/\/fb.watch\/vrEFSjbbpq\/\" data-type=\"link\" data-id=\"https:\/\/fb.watch\/vrEFSjbbpq\/\">An\u00e1lisis de la Sentencia que declara el Estado de Cosas&nbsp;Inconstitucional del Sistema Penitenciario<\/a><\/strong><\/li>\n\n\n\n<li><strong><a href=\"https:\/\/fb.watch\/vrEIKlgAmO\/\" data-type=\"link\" data-id=\"https:\/\/fb.watch\/vrEIKlgAmO\/\">Los \u00daltimos Precedentes Constitucionales del TC<\/a><\/strong><\/li>\n\n\n\n<li><strong><a href=\"http:\/\/fb.watch\/vrEO8d440T\/\" data-type=\"link\" data-id=\"fb.watch\/vrEO8d440T\/\">An\u00e1lisis de Sentencias: Eficacia acumulativa para la determinaci\u00f3n judicial de la pena concreta. Casaci\u00f3n en materia civil: el desalojo. An\u00e1lisis del caso el muro de la verguenza.<\/a><\/strong><\/li>\n<\/ol>\n\n\n\n<p><strong>REDACCI\u00d3N JUR\u00cdDICA Y TESIS EN DERECHO<\/strong> <\/p>\n\n\n\n<ol class=\"wp-block-list\">\n<li><strong><a href=\"https:\/\/fb.watch\/vrDTg845V8\/\" data-type=\"link\" data-id=\"https:\/\/fb.watch\/vrDTg845V8\/\">Cinco recomendaciones relevantes para una redacci\u00f3n jur\u00eddica eficaz<\/a><\/strong><\/li>\n\n\n\n<li><strong><a href=\"https:\/\/fb.watch\/vrE58y1Fuh\/\" data-type=\"link\" data-id=\"https:\/\/fb.watch\/vrE58y1Fuh\/\">La redacci\u00f3n de una demanda<\/a><\/strong><\/li>\n\n\n\n<li><strong><a href=\"https:\/\/fb.watch\/vrE7F2CMnR\/\" data-type=\"link\" data-id=\"https:\/\/fb.watch\/vrE7F2CMnR\/\">10 reglas de oro de la redacci\u00f3n jur\u00eddica<\/a><\/strong><\/li>\n\n\n\n<li><a href=\"https:\/\/fb.watch\/vrE9C3biDs\/\" data-type=\"link\" data-id=\"https:\/\/fb.watch\/vrE9C3biDs\/\"><strong>Uso de la T\u00e9cnica de Entrevista para una Tesis en Derecho<\/strong><\/a><\/li>\n\n\n\n<li><strong><a href=\"https:\/\/fb.watch\/vrEg8XXDtc\/\" data-type=\"link\" data-id=\"https:\/\/fb.watch\/vrEg8XXDtc\/\">La Redacci\u00f3n Eficaz y c\u00f3mo superar los problema m\u00e1s comunes en la redacci\u00f3n&nbsp;jur\u00eddica<\/a><\/strong><\/li>\n\n\n\n<li><a href=\"https:\/\/fb.watch\/vrEl4KsRKc\/\" data-type=\"link\" data-id=\"https:\/\/fb.watch\/vrEl4KsRKc\/\"><strong>\u00abEl valor agregado en la redacci\u00f3n de una demanda\u00bb y \u00ab5 recomendaciones para lograr&nbsp;concluir tu tesis en derecho\u00bb<\/strong><\/a><\/li>\n<\/ol>\n","protected":false},"excerpt":{"rendered":"<p>REDACCI\u00d3N JUR\u00cdDICA Y TESIS EN DERECHO<\/p>\n","protected":false},"author":1,"featured_media":0,"parent":0,"menu_order":0,"comment_status":"closed","ping_status":"closed","template":"","meta":{"_acf_changed":false,"_seopress_robots_primary_cat":"","_seopress_titles_title":"","_seopress_titles_desc":"","_seopress_robots_index":"","_mc_calendar":[],"footnotes":""},"class_list":["post-1321","page","type-page","status-publish","hentry"],"acf":[],"_links":{"self":[{"href":"https:\/\/egacal.edu.pe\/index.php\/wp-json\/wp\/v2\/pages\/1321","targetHints":{"allow":["GET"]}}],"collection":[{"href":"https:\/\/egacal.edu.pe\/index.php\/wp-json\/wp\/v2\/pages"}],"about":[{"href":"https:\/\/egacal.edu.pe\/index.php\/wp-json\/wp\/v2\/types\/page"}],"author":[{"embeddable":true,"href":"https:\/\/egacal.edu.pe\/index.php\/wp-json\/wp\/v2\/users\/1"}],"replies":[{"embeddable":true,"href":"https:\/\/egacal.edu.pe\/index.php\/wp-json\/wp\/v2\/comments?post=1321"}],"version-history":[{"count":7,"href":"https:\/\/egacal.edu.pe\/index.php\/wp-json\/wp\/v2\/pages\/1321\/revisions"}],"predecessor-version":[{"id":13208,"href":"https:\/\/egacal.edu.pe\/index.php\/wp-json\/wp\/v2\/pages\/1321\/revisions\/13208"}],"wp:attachment":[{"href":"https:\/\/egacal.edu.pe\/index.php\/wp-json\/wp\/v2\/media?parent=1321"}],"curies":[{"name":"wp","href":"https:\/\/api.w.org\/{rel}","templated":true}]}}