{"id":41,"date":"2020-08-06T14:38:05","date_gmt":"2020-08-06T19:38:05","guid":{"rendered":"https:\/\/egacal.edu.pe\/?page_id=41"},"modified":"2024-06-29T11:30:03","modified_gmt":"2024-06-29T16:30:03","slug":"quienes-somos","status":"publish","type":"page","link":"https:\/\/egacal.edu.pe\/index.php\/quienes-somos\/","title":{"rendered":"QUI\u00c9NES SOMOS"},"content":{"rendered":"\n<figure class=\"wp-block-image size-full is-style-default\" id=\"justificar\"><img loading=\"lazy\" decoding=\"async\" width=\"1441\" height=\"783\" src=\"https:\/\/egacal.edu.pe\/wp-content\/uploads\/2020\/12\/Para-Bienvenida-web-nueva2-1.png\" alt=\"\" class=\"wp-image-1835\" srcset=\"https:\/\/egacal.edu.pe\/wp-content\/uploads\/2020\/12\/Para-Bienvenida-web-nueva2-1.png 1441w, https:\/\/egacal.edu.pe\/wp-content\/uploads\/2020\/12\/Para-Bienvenida-web-nueva2-1-300x163.png 300w, https:\/\/egacal.edu.pe\/wp-content\/uploads\/2020\/12\/Para-Bienvenida-web-nueva2-1-1024x556.png 1024w, https:\/\/egacal.edu.pe\/wp-content\/uploads\/2020\/12\/Para-Bienvenida-web-nueva2-1-768x417.png 768w, https:\/\/egacal.edu.pe\/wp-content\/uploads\/2020\/12\/Para-Bienvenida-web-nueva2-1-440x239.png 440w, https:\/\/egacal.edu.pe\/wp-content\/uploads\/2020\/12\/Para-Bienvenida-web-nueva2-1-770x418.png 770w\" sizes=\"auto, (max-width: 1441px) 100vw, 1441px\" \/><\/figure>\n\n\n\n<blockquote class=\"wp-block-quote is-style-default is-layout-flow wp-block-quote-is-layout-flow\">\n<p>Somos una asociaci\u00f3n educativa con 25 a\u00f1os de experiencia dedicada a la capacitaci\u00f3n jur\u00eddica a nivel terciario (antegrado) y posterciario (posgrado).<br>La Escuela de Derecho EGACAL desarrolla una metodolog\u00eda de ense\u00f1anza diferente que permite un aprendizaje significativo en el Derecho.<\/p>\n<\/blockquote>\n\n\n\n<h2 class=\"wp-block-heading has-background\" style=\"background-color:#f9f9f9\">+ Misi\u00f3n<\/h2>\n\n\n\n<p class=\"justificar\">Cooperar con nuestros alumnos para que sus sue\u00f1os profesionales se hagan realidad mediante la mejor experiencia humana y acad\u00e9mica en cada uno de nuestros servicios y productos.<\/p>\n\n\n\n<h2 class=\"wp-block-heading has-background\" style=\"background-color:#f9f9f9\">+ Visi\u00f3n<\/h2>\n\n\n\n<p class=\"justificar\">En el a\u00f1o 2026 seremos reconocidos en todo el Per\u00fa como una Escuela transformadora de la formaci\u00f3n jur\u00eddica con nuestra innovadora metodolog\u00eda de ense\u00f1anza y sobre la base de nuestros valores institucionales.<\/p>\n\n\n\n<h2 class=\"wp-block-heading has-background\" style=\"background-color:#f9f9f9\">+ Valores<\/h2>\n\n\n\n<p>1. Vocaci\u00f3n de servicio<\/p>\n\n\n\n<p>2. Innovaci\u00f3n<\/p>\n\n\n\n<p>3. Compromiso<\/p>\n\n\n\n<p>4. Confianza<\/p>\n\n\n\n<p>5. Pasi\u00f3n por la ense\u00f1anza<\/p>\n\n\n\n<p>6. Responsabilidad social<\/p>\n\n\n\n<p>7. Fortaleza<\/p>\n\n\n\n<hr class=\"wp-block-separator has-css-opacity\"\/>\n\n\n\n<h2 class=\"wp-block-heading has-background\" style=\"background-color:#f9f9f9\">+ Historia<\/h2>\n\n\n\n<p class=\"justificar\"><strong>:: Motivaci\u00f3n. <\/strong>En los primeros d\u00edas de 1998, a pocos d\u00edas de haber egresado de las aulas universitarias, Ana Calder\u00f3n Sumarriva y Guido Aguila Grados se toparon con la cruda realidad por la que transitaban casi todos los egresados de las facultades de Derecho de las distintas universidades del pa\u00eds: una enorme diferencia entre las competencias que \u00e9stos poseen al concluir los estudios universitarios y las que deben tener para rendir un exitoso Examen de Titulaci\u00f3n. Al tratar de ubicar un centro de capacitaci\u00f3n jur\u00eddica especializada, ambos notaron que los egresados se encontraban con dos lamentables situaciones:<\/p>\n\n\n\n<p class=\"justificar\">Los docentes que ejerc\u00edan como jurados en los ex\u00e1menes de grado de las facultades de Derecho eran los mismos profesores que preparaban para titularse.<\/p>\n\n\n\n<p class=\"justificar\">La metodolog\u00eda empleada en la nivelaci\u00f3n era la misma que en el antegrado.<\/p>\n\n\n\n<p class=\"justificar\">Por tales razones, Anita y Guido optaron por una autopreparaci\u00f3n que significara una nueva forma de aprender el Derecho. Los res\u00famenes de los textos -que luego pasar\u00edan a constituirse en la colecci\u00f3n \u201cABC del Derecho\u201d-, as\u00ed como los cuadros, diagramas y mapas conceptuales jur\u00eddicos que hoy constituye el \u201cManual de Actualizaci\u00f3n Jur\u00eddica\u201d fueron las primeras innovaciones ideadas.<\/p>\n\n\n\n<p class=\"justificar\">En noviembre de ese mismo a\u00f1o, ambos se titularon por unanimidad y con felicitaciones por la Facultad de Derecho de la Universidad de San Mart\u00edn de Porres. Aquel d\u00eda, a la salida del Sal\u00f3n de Grados, numerosos bachilleres se arremolinaban para preguntarles d\u00f3nde se hab\u00edan preparado. Naci\u00f3 as\u00ed la iniciativa de realizar una sinergia entre el conocimiento jur\u00eddico de Anita -indiscutido primer puesto de su promoci\u00f3n- y la experiencia docente de Guido -m\u00e1s de una d\u00e9cada liderando las encuestas sobre desempe\u00f1o docente en centros preuniversitarios- para crear un centro de preparaci\u00f3n jur\u00eddica con miras a obtener el t\u00edtulo de abogado. Desde entonces, ambos comenzaron a pensar en un nombre que resumiera la finalidad de una instituci\u00f3n pionera en la titulaci\u00f3n jur\u00eddica.<\/p>\n\n\n\n<p class=\"justificar\"><strong>:: Fundaci\u00f3n.<\/strong> El 29 de abril de 1999, Ana Calder\u00f3n Sumarriva y Guido Aguila Grados, luego de la ceremonia que les otorg\u00f3 la colegiatura como abogados, fundaron la Escuela de Graduandos Aguila &amp; Calder\u00f3n \u2013 EGACAL en las instalaciones de lo que inicialmente se ten\u00eda planeado establecer el Estudio Jur\u00eddico Aguila &amp; Calder\u00f3n, esto es, en el Jr. Francisco de Zela 1078, distrito de Jes\u00fas Mar\u00eda. En presencia de otras seis personas (Sus padres: Teresa Sumarriva Chaparro, Elizabeth Grados de Aguila, Beltr\u00e1n Calder\u00f3n Farf\u00e1n, Guido Aguila Arispe; y dos amigos: Alejandro Zavala Rivera y Willy Fraguela Iglesias) se inici\u00f3 el transitar de esta instituci\u00f3n. Por ese entonces se alquilaron dos ambientes separados por un peque\u00f1o tragaluz: el primero de ellos era la oficina de informes, que ten\u00eda como mobiliario tres sillones, una mesa de centro, un escritorio, un ordenador y una impresora. El segundo ambiente ten\u00eda una pizarra acr\u00edlica y seis carpetas que aguardaban la llegada de nuestros primeros graduandos. El tragaluz fue techado en su mayor parte para que pudiera alojar lo m\u00e1s valioso del capital inicial: la biblioteca. Los primeros inscritos fueron compa\u00f1eros de promoci\u00f3n que conoc\u00edan de la solvencia acad\u00e9mica y responsabilidad de los fundadores.<\/p>\n\n\n\n<p class=\"justificar\"><strong>:: Evoluci\u00f3n del nombre.<\/strong> El nombre inicial de Escuela de Graduandos Aguila &amp; Calder\u00f3n \u2013 EGACAL respondi\u00f3 a que nuestra actividad exclusiva era la preparaci\u00f3n para el t\u00edtulo de abogado. A mediados de 2004, los nuevos abogados egacalinos suger\u00edan dos servicios imperativos:<\/p>\n\n\n\n<p class=\"justificar\">Hacer llegar esta nueva forma de ense\u00f1ar y aprender el Derecho a los estudiantes de pregrado -para que no esperaran culminar el sexto a\u00f1o y reci\u00e9n aprender este estilo de aprendizaje significativo- y,<\/p>\n\n\n\n<p class=\"justificar\">Continuar con la capacitaci\u00f3n jur\u00eddica tras obtener el t\u00edtulo de abogado, esto es, cursos de posgrado.<\/p>\n\n\n\n<p class=\"justificar\">En el a\u00f1o 2005, cuando el n\u00famero de nuestros graduandos titulados llegaron a cuatro d\u00edgitos, EGACAL se propuso ampliar sus servicios m\u00e1s all\u00e1 de los bachilleres. Desde entonces somos un centro de capacitaci\u00f3n continua para estudiantes, bachilleres, abogados y magistrados.<\/p>\n\n\n\n<p class=\"justificar\">La nomenclatura de \u201cEscuela de Graduandos\u201d no representaba, por estas consideraciones iniciales, el abanico de servicios de ense\u00f1anza que est\u00e1bamos brindamos, raz\u00f3n por la que manteniendo el nombre de \u201cEGACAL\u201d, fue mudado por el de \u201cEscuela de Altos Estudios Jur\u00eddicos\u201d.<\/p>\n\n\n\n<p>A fines del a\u00f1o 2020 evolucionamos y se realiz\u00f3 un cambio importante en el logo de nuestra Escuela, adem\u00e1s de su nueva denominaci\u00f3n \u00abEscuela de Derecho\u00bb. Nos enfocamos m\u00e1s en la capacitaci\u00f3n a trav\u00e9s de la virtualidad debido a la nueva coyuntura por la pandemia y a las nuevas necesidades de la comunidad jur\u00eddica del pa\u00eds, siempre con la metodolog\u00eda y pasi\u00f3n en la ense\u00f1anza del Derecho que nos caracteriza.<\/p>\n","protected":false},"excerpt":{"rendered":"<p>Somos una asociaci\u00f3n educativa con 25 a\u00f1os de experiencia dedicada a la capacitaci\u00f3n jur\u00eddica a nivel terciario (antegrado) y posterciario (posgrado).La Escuela de Derecho EGACAL desarrolla una metodolog\u00eda de ense\u00f1anza diferente que permite un aprendizaje significativo en el Derecho. + Misi\u00f3n Cooperar con nuestros alumnos para que sus sue\u00f1os profesionales se hagan realidad mediante la [&hellip;]<\/p>\n","protected":false},"author":1,"featured_media":0,"parent":0,"menu_order":0,"comment_status":"closed","ping_status":"closed","template":"","meta":{"_acf_changed":false,"_seopress_robots_primary_cat":"","_seopress_titles_title":"","_seopress_titles_desc":"","_seopress_robots_index":"","_mc_calendar":[],"footnotes":""},"class_list":["post-41","page","type-page","status-publish","hentry"],"acf":[],"_links":{"self":[{"href":"https:\/\/egacal.edu.pe\/index.php\/wp-json\/wp\/v2\/pages\/41","targetHints":{"allow":["GET"]}}],"collection":[{"href":"https:\/\/egacal.edu.pe\/index.php\/wp-json\/wp\/v2\/pages"}],"about":[{"href":"https:\/\/egacal.edu.pe\/index.php\/wp-json\/wp\/v2\/types\/page"}],"author":[{"embeddable":true,"href":"https:\/\/egacal.edu.pe\/index.php\/wp-json\/wp\/v2\/users\/1"}],"replies":[{"embeddable":true,"href":"https:\/\/egacal.edu.pe\/index.php\/wp-json\/wp\/v2\/comments?post=41"}],"version-history":[{"count":20,"href":"https:\/\/egacal.edu.pe\/index.php\/wp-json\/wp\/v2\/pages\/41\/revisions"}],"predecessor-version":[{"id":12447,"href":"https:\/\/egacal.edu.pe\/index.php\/wp-json\/wp\/v2\/pages\/41\/revisions\/12447"}],"wp:attachment":[{"href":"https:\/\/egacal.edu.pe\/index.php\/wp-json\/wp\/v2\/media?parent=41"}],"curies":[{"name":"wp","href":"https:\/\/api.w.org\/{rel}","templated":true}]}}