{"id":43,"date":"2020-08-06T14:38:31","date_gmt":"2020-08-06T19:38:31","guid":{"rendered":"https:\/\/egacal.edu.pe\/?page_id=43"},"modified":"2023-06-21T17:38:28","modified_gmt":"2023-06-21T22:38:28","slug":"directora-fundadora","status":"publish","type":"page","link":"https:\/\/egacal.edu.pe\/index.php\/directora-fundadora\/","title":{"rendered":"DIRECTORA &#038; FUNDADORA"},"content":{"rendered":"\n<div class=\"wp-block-media-text alignwide is-stacked-on-mobile is-image-fill\" style=\"grid-template-columns:53% auto\"><figure class=\"wp-block-media-text__media\" style=\"background-image:url(https:\/\/egacal.edu.pe\/wp-content\/uploads\/2020\/08\/OK-Foto-ACS-CALADO-728x1024.png);background-position:54% 10%\"><img loading=\"lazy\" decoding=\"async\" width=\"728\" height=\"1024\" src=\"https:\/\/egacal.edu.pe\/wp-content\/uploads\/2020\/08\/OK-Foto-ACS-CALADO-728x1024.png\" alt=\"\" class=\"wp-image-261 size-full\" srcset=\"https:\/\/egacal.edu.pe\/wp-content\/uploads\/2020\/08\/OK-Foto-ACS-CALADO-728x1024.png 728w, https:\/\/egacal.edu.pe\/wp-content\/uploads\/2020\/08\/OK-Foto-ACS-CALADO-213x300.png 213w, https:\/\/egacal.edu.pe\/wp-content\/uploads\/2020\/08\/OK-Foto-ACS-CALADO-768x1080.png 768w, https:\/\/egacal.edu.pe\/wp-content\/uploads\/2020\/08\/OK-Foto-ACS-CALADO-440x619.png 440w, https:\/\/egacal.edu.pe\/wp-content\/uploads\/2020\/08\/OK-Foto-ACS-CALADO-770x1082.png 770w, https:\/\/egacal.edu.pe\/wp-content\/uploads\/2020\/08\/OK-Foto-ACS-CALADO.png 1067w\" sizes=\"auto, (max-width: 728px) 100vw, 728px\" \/><\/figure><div class=\"wp-block-media-text__content\">\n<h2 class=\"has-text-align-center wp-block-heading\" id=\"justificar\"><strong>Ana Cecilia Calder\u00f3n Sumarriva<\/strong> <br><strong>(Cusco, 1974)<\/strong><\/h2>\n\n\n\n<p><strong>Grados Acad\u00e9micos<\/strong><\/p>\n\n\n\n<ul class=\"justificar wp-block-list\"><li>Doctora en Derecho por la Universidad Nacional de Rosario &#8211; UNR (Argentina).<\/li><li>Mag\u00edster en Derecho Procesal por la Universidad Nacional de Rosario \u2013 UNR (Argentina).<\/li><li>M\u00e1ster en Argumentaci\u00f3n Jur\u00eddica por la Universidad de Alicante UA (Espa\u00f1a) &amp; por la Universit\u00e0 Degli Studi di Palermo (Italia)<\/li><li>Maestra en Derecho Constitucional por la Universidad Nacional Federico Villarreal (Per\u00fa).<\/li><li>Bachiller en Derecho &amp; Abogada por la Universidad Particular de San Mart\u00edn de Porres.<\/li><\/ul>\n<\/div><\/div>\n\n\n\n<p class=\"justificar\"><br><strong>Especializaciones<\/strong><\/p>\n\n\n\n<ul class=\"justificar wp-block-list\"><li>Postitulada en Derecho Penal y Derecho Procesal Penal por la Pontificia Universidad Cat\u00f3lica del Per\u00fa.<\/li><li>\u00c1rbitro registrado en el Centro de Conciliaci\u00f3n y Arbitraje de la Pontificia Universidad Cat\u00f3lica del Per\u00fa.<\/li><li>Especialista sobre Implementaci\u00f3n del nuevo Sistema Procesal Penal por el Centro de Estudios Jur\u00eddicos para las Am\u00e9ricas (CEJA).<\/li><li>Especialista en Tutela Jurisdiccional Efectiva y Debido Proceso en la Pontificia Universidad Cat\u00f3lica del Per\u00fa.<\/li><li>Especialista en Litigaci\u00f3n Oral por la Asociaci\u00f3n \u201cUnidos por la Justicia\u201d (Argentina).<\/li><li>Especialista en Litigaci\u00f3n Oral por la Universidad de San Mart\u00edn de Porres (Per\u00fa).<\/li><li>Especialista en Docencia Universitaria por la Pontificia Universidad Cat\u00f3lica del Per\u00fa.<\/li><li>Especialista en Protecci\u00f3n Judicial de los Derechos Fundamentales y Debido Proceso por la Universidad Pompeu Fabra de Barcelona, Espa\u00f1a &amp; por la Pontificia Universidad Cat\u00f3lica del Per\u00fa.<\/li><\/ul>\n\n\n\n<p class=\"justificar\"><br><strong>Labor Profesional<\/strong><\/p>\n\n\n\n<ul class=\"wp-block-list\"><li>Directora &amp; Docente de la Escuela de Altos Estudios Jur\u00eddicos EGACAL.<\/li><li>Socia Principal de Anita Calder\u00f3n &amp; Asociados &#8211; Estudio Jur\u00eddico &amp; Consultor\u00eda<\/li><\/ul>\n\n\n\n<p><strong>Publicaciones<\/strong><\/p>\n\n\n\n<p><strong>Publicaciones<\/strong><\/p>\n\n\n\n<ul class=\"wp-block-list\"><li>Autora de \u201cDerecho Penal Constitucional. Fricciones de la Justicia Constitucional con la Legislaci\u00f3n Penal\u201d, primera edici\u00f3n, Editorial San Marcos, 2018<\/li><li>Autora del \u201cABC del Derecho Penal\u201d, 4ta edici\u00f3n, Editorial San Marcos, 2017<\/li><li>Autora del \u201cABC del Derecho Procesal Penal\u201d, 3ra edici\u00f3n, Editorial San Marcos, 2017<\/li><li>Autora del \u201cProceso Penal Inmediato \u00bfEs la rapidez del proceso una garant\u00eda de Justicia en el Per\u00fa?\u201d, Editorial San Marcos, 2016<\/li><li>Coautora con Carlos Picado Vargas de \u201cC\u00f3mo Litigar &#8211; t\u00e9cnica y estrategia procesal\u201d, Editorial San Marcos, 2015<\/li><li>Autora de \u201cAcuerdos Plenarios en Materia Penal\u201d. Editorial San Marcos. 2014.<\/li><li>Autora de \u00abTenencia Ilegal de Armas\u00bb. I Edici\u00f3n. Editorial San Marcos. 2014.<\/li><li>Autora de \u201cEl ABC del Derecho Internacional de los Derechos Humanos\u201d. Editorial San Marcos. Segunda Edici\u00f3n 2013.<\/li><li>Autora de \u201cDerecho Procesal Penal\u201d. Editorial San Marcos. 2013.<\/li><li>Autora de \u201cLa vigilancia electr\u00f3nica\u201d. Editorial San Marcos. Primera Edici\u00f3n 2012.<\/li><li>Autora del AEIOU del Derecho Penal. I Edici\u00f3n. 2011.<\/li><li>Autora de \u201cEl Nuevo Sistema Procesal Penal\u201d An\u00e1lisis Cr\u00edtico. Editorial San Marcos.&nbsp; Primera Edici\u00f3n 2011.<\/li><li>Codirectora del Libro Homenaje a Adolfo Alvarado Velloso. Fondo Editorial de EGACAL. 2010.<\/li><li>Codirectora de la Colecci\u00f3n \u201cEl ABC del Derecho\u201d. Editorial San Marcos. III Ediciones. 2000-2013<\/li><\/ul>\n","protected":false},"excerpt":{"rendered":"<p>Ana Cecilia Calder\u00f3n Sumarriva (Cusco, 1974) Grados Acad\u00e9micos Doctora en Derecho por la Universidad Nacional de Rosario &#8211; UNR (Argentina). Mag\u00edster en Derecho Procesal por la Universidad Nacional de Rosario \u2013 UNR (Argentina). M\u00e1ster en Argumentaci\u00f3n Jur\u00eddica por la Universidad de Alicante UA (Espa\u00f1a) &amp; por la Universit\u00e0 Degli Studi di Palermo (Italia) Maestra en [&hellip;]<\/p>\n","protected":false},"author":1,"featured_media":0,"parent":0,"menu_order":0,"comment_status":"closed","ping_status":"closed","template":"","meta":{"_acf_changed":false,"_seopress_robots_primary_cat":"","_seopress_titles_title":"","_seopress_titles_desc":"","_seopress_robots_index":"","_mc_calendar":[],"footnotes":""},"class_list":["post-43","page","type-page","status-publish","hentry"],"acf":[],"_links":{"self":[{"href":"https:\/\/egacal.edu.pe\/index.php\/wp-json\/wp\/v2\/pages\/43","targetHints":{"allow":["GET"]}}],"collection":[{"href":"https:\/\/egacal.edu.pe\/index.php\/wp-json\/wp\/v2\/pages"}],"about":[{"href":"https:\/\/egacal.edu.pe\/index.php\/wp-json\/wp\/v2\/types\/page"}],"author":[{"embeddable":true,"href":"https:\/\/egacal.edu.pe\/index.php\/wp-json\/wp\/v2\/users\/1"}],"replies":[{"embeddable":true,"href":"https:\/\/egacal.edu.pe\/index.php\/wp-json\/wp\/v2\/comments?post=43"}],"version-history":[{"count":42,"href":"https:\/\/egacal.edu.pe\/index.php\/wp-json\/wp\/v2\/pages\/43\/revisions"}],"predecessor-version":[{"id":2661,"href":"https:\/\/egacal.edu.pe\/index.php\/wp-json\/wp\/v2\/pages\/43\/revisions\/2661"}],"wp:attachment":[{"href":"https:\/\/egacal.edu.pe\/index.php\/wp-json\/wp\/v2\/media?parent=43"}],"curies":[{"name":"wp","href":"https:\/\/api.w.org\/{rel}","templated":true}]}}